{"id":4142,"date":"2022-08-31T14:03:56","date_gmt":"2022-08-31T07:03:56","guid":{"rendered":"https:\/\/trivietsteel.com\/ho-so-nang-luc\/"},"modified":"2024-08-19T16:12:04","modified_gmt":"2024-08-19T09:12:04","slug":"company-profile","status":"publish","type":"page","link":"https:\/\/trivietsteel.com\/en\/company-profile\/","title":{"rendered":"COMPANY PROFILE"},"content":{"rendered":"\n<div class=\"_df_book df-lite\" id=\"df_12433\"  _slug=\"12433\" data-title=\"company-profile\" wpoptions=\"true\" thumb=\"https:\/\/trivietsteel.com\/wp-content\/uploads\/2024\/08\/HSNL-WEBSITE-1-4.webp\" thumbtype=\"\" ><\/div><script class=\"df-shortcode-script\" nowprocket type=\"application\/javascript\">window.option_df_12433 = {\"outline\":[],\"autoEnableOutline\":\"false\",\"autoEnableThumbnail\":\"false\",\"overwritePDFOutline\":\"false\",\"enableDownload\":\"false\",\"backgroundImage\":\"https:\\\/\\\/trivietsteel.com\\\/wp-content\\\/uploads\\\/2024\\\/08\\\/Untitled-2.png\",\"direction\":\"1\",\"pageSize\":\"0\",\"source\":[\"https:\\\/\\\/trivietsteel.com\\\/wp-content\\\/uploads\\\/2024\\\/08\\\/HSNL-WEBSITE-1-4.webp\",\"https:\\\/\\\/trivietsteel.com\\\/wp-content\\\/uploads\\\/2024\\\/08\\\/HSNL-WEBSITE-2-2.webp\",\"https:\\\/\\\/trivietsteel.com\\\/wp-content\\\/uploads\\\/2024\\\/08\\\/HSNL-WEBSITE-3-2.webp\",\"https:\\\/\\\/trivietsteel.com\\\/wp-content\\\/uploads\\\/2024\\\/08\\\/HSNL-WEBSITE-4-2.webp\",\"https:\\\/\\\/trivietsteel.com\\\/wp-content\\\/uploads\\\/2024\\\/08\\\/HSNL-WEBSITE-5-2.webp\",\"https:\\\/\\\/trivietsteel.com\\\/wp-content\\\/uploads\\\/2024\\\/08\\\/HSNL-WEBSITE-6-2.webp\",\"https:\\\/\\\/trivietsteel.com\\\/wp-content\\\/uploads\\\/2024\\\/08\\\/HSNL-WEBSITE-7-2.webp\",\"https:\\\/\\\/trivietsteel.com\\\/wp-content\\\/uploads\\\/2024\\\/08\\\/HSNL-WEBSITE-8-3.webp\",\"https:\\\/\\\/trivietsteel.com\\\/wp-content\\\/uploads\\\/2024\\\/08\\\/HSNL-WEBSITE-9-3.webp\",\"https:\\\/\\\/trivietsteel.com\\\/wp-content\\\/uploads\\\/2024\\\/08\\\/HSNL-WEBSITE-10-1.webp\",\"https:\\\/\\\/trivietsteel.com\\\/wp-content\\\/uploads\\\/2024\\\/08\\\/HSNL-WEBSITE-11-2.webp\",\"https:\\\/\\\/trivietsteel.com\\\/wp-content\\\/uploads\\\/2024\\\/08\\\/HSNL-WEBSITE-12-2.webp\",\"https:\\\/\\\/trivietsteel.com\\\/wp-content\\\/uploads\\\/2024\\\/08\\\/HSNL-WEBSITE-13-3.webp\",\"https:\\\/\\\/trivietsteel.com\\\/wp-content\\\/uploads\\\/2024\\\/08\\\/HSNL-WEBSITE-14-3.webp\",\"https:\\\/\\\/trivietsteel.com\\\/wp-content\\\/uploads\\\/2024\\\/08\\\/HSNL-WEBSITE-15-3.webp\",\"https:\\\/\\\/trivietsteel.com\\\/wp-content\\\/uploads\\\/2024\\\/08\\\/HSNL-WEBSITE-16-3.webp\",\"https:\\\/\\\/trivietsteel.com\\\/wp-content\\\/uploads\\\/2024\\\/08\\\/HSNL-WEBSITE-17-3.webp\",\"https:\\\/\\\/trivietsteel.com\\\/wp-content\\\/uploads\\\/2024\\\/08\\\/HSNL-WEBSITE-18-2.webp\",\"https:\\\/\\\/trivietsteel.com\\\/wp-content\\\/uploads\\\/2024\\\/08\\\/HSNL-WEBSITE-19-2.webp\",\"https:\\\/\\\/trivietsteel.com\\\/wp-content\\\/uploads\\\/2024\\\/08\\\/HSNL-WEBSITE-20-2.webp\",\"https:\\\/\\\/trivietsteel.com\\\/wp-content\\\/uploads\\\/2024\\\/08\\\/HSNL-WEBSITE-21-2.webp\",\"https:\\\/\\\/trivietsteel.com\\\/wp-content\\\/uploads\\\/2024\\\/08\\\/HSNL-WEBSITE-22-1.webp\",\"https:\\\/\\\/trivietsteel.com\\\/wp-content\\\/uploads\\\/2024\\\/08\\\/HSNL-WEBSITE-23-1.webp\",\"https:\\\/\\\/trivietsteel.com\\\/wp-content\\\/uploads\\\/2024\\\/08\\\/HSNL-WEBSITE-24-1.webp\",\"https:\\\/\\\/trivietsteel.com\\\/wp-content\\\/uploads\\\/2024\\\/08\\\/HSNL-WEBSITE-25-1.webp\",\"https:\\\/\\\/trivietsteel.com\\\/wp-content\\\/uploads\\\/2024\\\/08\\\/HSNL-WEBSITE-26-1.webp\",\"https:\\\/\\\/trivietsteel.com\\\/wp-content\\\/uploads\\\/2024\\\/08\\\/HSNL-WEBSITE-27-1.webp\",\"https:\\\/\\\/trivietsteel.com\\\/wp-content\\\/uploads\\\/2024\\\/08\\\/HSNL-WEBSITE-28-1.webp\",\"https:\\\/\\\/trivietsteel.com\\\/wp-content\\\/uploads\\\/2024\\\/08\\\/HSNL-WEBSITE-29-1.webp\",\"https:\\\/\\\/trivietsteel.com\\\/wp-content\\\/uploads\\\/2024\\\/08\\\/HSNL-WEBSITE-30-1.webp\",\"https:\\\/\\\/trivietsteel.com\\\/wp-content\\\/uploads\\\/2024\\\/08\\\/HSNL-WEBSITE-31-1.webp\",\"https:\\\/\\\/trivietsteel.com\\\/wp-content\\\/uploads\\\/2024\\\/08\\\/HSNL-WEBSITE-32-1.webp\",\"https:\\\/\\\/trivietsteel.com\\\/wp-content\\\/uploads\\\/2024\\\/08\\\/HSNL-WEBSITE-33-1.webp\",\"https:\\\/\\\/trivietsteel.com\\\/wp-content\\\/uploads\\\/2024\\\/08\\\/HSNL-WEBSITE-34-1.webp\",\"https:\\\/\\\/trivietsteel.com\\\/wp-content\\\/uploads\\\/2024\\\/08\\\/HSNL-WEBSITE-35-1.webp\",\"https:\\\/\\\/trivietsteel.com\\\/wp-content\\\/uploads\\\/2024\\\/08\\\/HSNL-WEBSITE-36-1.webp\",\"https:\\\/\\\/trivietsteel.com\\\/wp-content\\\/uploads\\\/2024\\\/08\\\/HSNL-WEBSITE-37-1.webp\",\"https:\\\/\\\/trivietsteel.com\\\/wp-content\\\/uploads\\\/2024\\\/08\\\/HSNL-WEBSITE-38-1.webp\",\"https:\\\/\\\/trivietsteel.com\\\/wp-content\\\/uploads\\\/2024\\\/08\\\/HSNL-WEBSITE-39-1.webp\",\"https:\\\/\\\/trivietsteel.com\\\/wp-content\\\/uploads\\\/2024\\\/08\\\/HSNL-WEBSITE-40-2.webp\",\"https:\\\/\\\/trivietsteel.com\\\/wp-content\\\/uploads\\\/2024\\\/08\\\/HSNL-WEBSITE-41-1.webp\",\"https:\\\/\\\/trivietsteel.com\\\/wp-content\\\/uploads\\\/2024\\\/08\\\/HSNL-WEBSITE-42-1.webp\",\"https:\\\/\\\/trivietsteel.com\\\/wp-content\\\/uploads\\\/2024\\\/08\\\/HSNL-WEBSITE-43-1.webp\",\"https:\\\/\\\/trivietsteel.com\\\/wp-content\\\/uploads\\\/2024\\\/08\\\/HSNL-WEBSITE-44-1.webp\",\"https:\\\/\\\/trivietsteel.com\\\/wp-content\\\/uploads\\\/2024\\\/08\\\/HSNL-WEBSITE-45-1.webp\",\"https:\\\/\\\/trivietsteel.com\\\/wp-content\\\/uploads\\\/2024\\\/08\\\/HSNL-WEBSITE-46-1.webp\",\"https:\\\/\\\/trivietsteel.com\\\/wp-content\\\/uploads\\\/2024\\\/08\\\/HSNL-WEBSITE-47-1.webp\",\"https:\\\/\\\/trivietsteel.com\\\/wp-content\\\/uploads\\\/2024\\\/08\\\/HSNL-WEBSITE-48-1.webp\",\"https:\\\/\\\/trivietsteel.com\\\/wp-content\\\/uploads\\\/2024\\\/08\\\/HSNL-WEBSITE-49-1.webp\",\"https:\\\/\\\/trivietsteel.com\\\/wp-content\\\/uploads\\\/2024\\\/08\\\/HSNL-WEBSITE-50-1.webp\",\"https:\\\/\\\/trivietsteel.com\\\/wp-content\\\/uploads\\\/2024\\\/08\\\/HSNL-WEBSITE-51-1.webp\",\"https:\\\/\\\/trivietsteel.com\\\/wp-content\\\/uploads\\\/2024\\\/08\\\/HSNL-WEBSITE-52-1.webp\",\"https:\\\/\\\/trivietsteel.com\\\/wp-content\\\/uploads\\\/2024\\\/08\\\/HSNL-WEBSITE-53-1.webp\",\"https:\\\/\\\/trivietsteel.com\\\/wp-content\\\/uploads\\\/2024\\\/08\\\/HSNL-WEBSITE-54-1.webp\",\"https:\\\/\\\/trivietsteel.com\\\/wp-content\\\/uploads\\\/2024\\\/08\\\/HSNL-WEBSITE-55-1.webp\",\"https:\\\/\\\/trivietsteel.com\\\/wp-content\\\/uploads\\\/2024\\\/08\\\/HSNL-WEBSITE-56-1.webp\",\"https:\\\/\\\/trivietsteel.com\\\/wp-content\\\/uploads\\\/2024\\\/08\\\/HSNL-WEBSITE-57-1.webp\",\"https:\\\/\\\/trivietsteel.com\\\/wp-content\\\/uploads\\\/2024\\\/08\\\/HSNL-WEBSITE-58-1.webp\",\"https:\\\/\\\/trivietsteel.com\\\/wp-content\\\/uploads\\\/2024\\\/08\\\/HSNL-WEBSITE-59-1.webp\",\"https:\\\/\\\/trivietsteel.com\\\/wp-content\\\/uploads\\\/2024\\\/08\\\/HSNL-WEBSITE-60-1.webp\",\"https:\\\/\\\/trivietsteel.com\\\/wp-content\\\/uploads\\\/2024\\\/08\\\/HSNL-WEBSITE-61-1.webp\",\"https:\\\/\\\/trivietsteel.com\\\/wp-content\\\/uploads\\\/2024\\\/08\\\/HSNL-WEBSITE-62-1.webp\",\"https:\\\/\\\/trivietsteel.com\\\/wp-content\\\/uploads\\\/2024\\\/08\\\/HSNL-WEBSITE-63-1.webp\",\"https:\\\/\\\/trivietsteel.com\\\/wp-content\\\/uploads\\\/2024\\\/08\\\/HSNL-WEBSITE-64-1.webp\",\"https:\\\/\\\/trivietsteel.com\\\/wp-content\\\/uploads\\\/2024\\\/08\\\/HSNL-WEBSITE-65-2.webp\",\"https:\\\/\\\/trivietsteel.com\\\/wp-content\\\/uploads\\\/2024\\\/08\\\/HSNL-WEBSITE-66-1.webp\",\"https:\\\/\\\/trivietsteel.com\\\/wp-content\\\/uploads\\\/2024\\\/08\\\/HSNL-WEBSITE-67-1.webp\",\"https:\\\/\\\/trivietsteel.com\\\/wp-content\\\/uploads\\\/2024\\\/08\\\/HSNL-WEBSITE-68-1.webp\",\"https:\\\/\\\/trivietsteel.com\\\/wp-content\\\/uploads\\\/2024\\\/08\\\/HSNL-WEBSITE-69-1.webp\",\"https:\\\/\\\/trivietsteel.com\\\/wp-content\\\/uploads\\\/2024\\\/08\\\/HSNL-WEBSITE-70-1.webp\",\"https:\\\/\\\/trivietsteel.com\\\/wp-content\\\/uploads\\\/2024\\\/08\\\/HSNL-WEBSITE-71-1.webp\",\"https:\\\/\\\/trivietsteel.com\\\/wp-content\\\/uploads\\\/2024\\\/08\\\/HSNL-WEBSITE-72-1.webp\",\"https:\\\/\\\/trivietsteel.com\\\/wp-content\\\/uploads\\\/2024\\\/08\\\/HSNL-WEBSITE-73-1.webp\",\"https:\\\/\\\/trivietsteel.com\\\/wp-content\\\/uploads\\\/2024\\\/08\\\/HSNL-WEBSITE-74-1.webp\",\"https:\\\/\\\/trivietsteel.com\\\/wp-content\\\/uploads\\\/2024\\\/08\\\/HSNL-WEBSITE-75-1.webp\",\"https:\\\/\\\/trivietsteel.com\\\/wp-content\\\/uploads\\\/2024\\\/08\\\/HSNL-WEBSITE-76-2.webp\",\"https:\\\/\\\/trivietsteel.com\\\/wp-content\\\/uploads\\\/2024\\\/08\\\/HSNL-WEBSITE-77-3.webp\",\"https:\\\/\\\/trivietsteel.com\\\/wp-content\\\/uploads\\\/2024\\\/08\\\/HSNL-WEBSITE-78-2.webp\",\"https:\\\/\\\/trivietsteel.com\\\/wp-content\\\/uploads\\\/2024\\\/08\\\/HSNL-WEBSITE-79.webp\",\"https:\\\/\\\/trivietsteel.com\\\/wp-content\\\/uploads\\\/2024\\\/08\\\/HSNL-WEBSITE-80.webp\"],\"wpOptions\":\"true\",\"links\":[[],[],[],[],[],[],[],[],[],[],[],[],[],[],[],[],[],[],[],[],[],[],[],[],[],[],[],[],[],[],[],[],[],[],[],[],[],[],[],[],[],[],[],[],[],[],[],[],[],[],[],[],[],[],[],[],[],[],[],[],[],[],[],[],[],[],[],[],[],[],[],[],[],[],[],[],[],[],[],[],[]]}; if(window.DFLIP && window.DFLIP.parseBooks){window.DFLIP.parseBooks();}<\/script>\n","protected":false},"excerpt":{"rendered":"","protected":false},"author":1,"featured_media":0,"parent":0,"menu_order":0,"comment_status":"closed","ping_status":"closed","template":"","meta":{"_eb_attr":"","inline_featured_image":false,"footnotes":""},"acf":[],"yoast_head":"<!-- This site is optimized with the Yoast SEO Premium plugin v20.5 (Yoast SEO v20.5) - https:\/\/yoast.com\/wordpress\/plugins\/seo\/ -->\n<title>COMPANY PROFILE - Nh\u00e0 Th\u00e9p Tr\u00ed Vi\u1ec7t<\/title>\n<meta name=\"robots\" content=\"index, follow, max-snippet:-1, max-image-preview:large, max-video-preview:-1\" \/>\n<link rel=\"canonical\" href=\"https:\/\/trivietsteel.com\/en\/company-profile\/\" \/>\n<meta property=\"og:locale\" content=\"en_US\" \/>\n<meta property=\"og:type\" content=\"article\" \/>\n<meta property=\"og:title\" content=\"COMPANY PROFILE\" \/>\n<meta property=\"og:url\" content=\"https:\/\/trivietsteel.com\/en\/company-profile\/\" \/>\n<meta property=\"og:site_name\" content=\"Nh\u00e0 Th\u00e9p Tr\u00ed Vi\u1ec7t\" \/>\n<meta property=\"article:publisher\" content=\"https:\/\/www.facebook.com\/TrivietSteelBuildings\/\" \/>\n<meta property=\"article:modified_time\" content=\"2024-08-19T09:12:04+00:00\" \/>\n<meta property=\"og:image\" content=\"https:\/\/trivietsteel.com\/wp-content\/uploads\/2023\/11\/thumnail-website-6.jpg\" \/>\n\t<meta property=\"og:image:width\" content=\"1200\" \/>\n\t<meta property=\"og:image:height\" content=\"631\" \/>\n\t<meta property=\"og:image:type\" content=\"image\/jpeg\" \/>\n<meta name=\"twitter:card\" content=\"summary_large_image\" \/>\n<meta name=\"twitter:site\" content=\"@TriVietSteel\" \/>\n<meta name=\"twitter:label1\" content=\"Est. reading time\" \/>\n\t<meta name=\"twitter:data1\" content=\"1 minute\" \/>\n<script type=\"application\/ld+json\" class=\"yoast-schema-graph\">{\"@context\":\"https:\/\/schema.org\",\"@graph\":[{\"@type\":\"WebPage\",\"@id\":\"https:\/\/trivietsteel.com\/en\/company-profile\/\",\"url\":\"https:\/\/trivietsteel.com\/en\/company-profile\/\",\"name\":\"COMPANY PROFILE - Nh\u00e0 Th\u00e9p Tr\u00ed Vi\u1ec7t\",\"isPartOf\":{\"@id\":\"https:\/\/trivietsteel.com\/en\/#website\"},\"datePublished\":\"2022-08-31T07:03:56+00:00\",\"dateModified\":\"2024-08-19T09:12:04+00:00\",\"breadcrumb\":{\"@id\":\"https:\/\/trivietsteel.com\/en\/company-profile\/#breadcrumb\"},\"inLanguage\":\"en-US\",\"potentialAction\":[{\"@type\":\"ReadAction\",\"target\":[\"https:\/\/trivietsteel.com\/en\/company-profile\/\"]}]},{\"@type\":\"BreadcrumbList\",\"@id\":\"https:\/\/trivietsteel.com\/en\/company-profile\/#breadcrumb\",\"itemListElement\":[{\"@type\":\"ListItem\",\"position\":1,\"name\":\"Trang ch\u1ee7\",\"item\":\"https:\/\/trivietsteel.com\/en\/\"},{\"@type\":\"ListItem\",\"position\":2,\"name\":\"COMPANY PROFILE\"}]},{\"@type\":\"WebSite\",\"@id\":\"https:\/\/trivietsteel.com\/en\/#website\",\"url\":\"https:\/\/trivietsteel.com\/en\/\",\"name\":\"Nh\u00e0 Th\u00e9p Tr\u00ed Vi\u1ec7t\",\"description\":\"Chi\u1ebfn l\u01b0\u1ee3c ph\u00e1t tri\u1ec3n d\u00e0i h\u1ea1n c\u1ee7a c\u00f4ng ty Nh\u00e0 Th\u00e9p Tr\u00ed Vi\u1ec7t l\u00e0 tr\u1edf th\u00e0nh doanh nghi\u1ec7p h\u00e0ng \u0111\u1ea7u Vi\u1ec7t Nam v\u1ec1 k\u1ebft c\u1ea5u th\u00e9p, v\u1edbi m\u1ee5c ti\u00eau trong giai \u0111o\u1ea1n 2018 - 2022 \u0111\u1ea1t m\u1ee9c doanh s\u1ed1 2.000 t\u1ef7 VN\u0110.\",\"publisher\":{\"@id\":\"https:\/\/trivietsteel.com\/en\/#organization\"},\"alternateName\":\"TriViet Steel Buildings\",\"potentialAction\":[{\"@type\":\"SearchAction\",\"target\":{\"@type\":\"EntryPoint\",\"urlTemplate\":\"https:\/\/trivietsteel.com\/en\/?s={search_term_string}\"},\"query-input\":\"required name=search_term_string\"}],\"inLanguage\":\"en-US\"},{\"@type\":\"Organization\",\"@id\":\"https:\/\/trivietsteel.com\/en\/#organization\",\"name\":\"Nh\u00e0 Th\u00e9p Tr\u00ed Vi\u1ec7t\",\"alternateName\":\"TriViet Steel Buildings\",\"url\":\"https:\/\/trivietsteel.com\/en\/\",\"logo\":{\"@type\":\"ImageObject\",\"inLanguage\":\"en-US\",\"@id\":\"https:\/\/trivietsteel.com\/en\/#\/schema\/logo\/image\/\",\"url\":\"https:\/\/trivietsteel.com\/wp-content\/uploads\/2022\/08\/logo.svg\",\"contentUrl\":\"https:\/\/trivietsteel.com\/wp-content\/uploads\/2022\/08\/logo.svg\",\"width\":223,\"height\":48,\"caption\":\"Nh\u00e0 Th\u00e9p Tr\u00ed Vi\u1ec7t\"},\"image\":{\"@id\":\"https:\/\/trivietsteel.com\/en\/#\/schema\/logo\/image\/\"},\"sameAs\":[\"https:\/\/www.facebook.com\/TrivietSteelBuildings\/\",\"https:\/\/twitter.com\/TriVietSteel\",\"https:\/\/www.pinterest.com\/TriVietSteelBuildings\/\",\"https:\/\/www.linkedin.com\/in\/tri-viet-steel-building-vn\/\",\"https:\/\/www.instagram.com\/triviet_steel_buildings\/\",\"https:\/\/www.threads.net\/@triviet_steel_buildings\",\"https:\/\/www.youtube.com\/@TriVietSteelBuildings\"]}]}<\/script>\n<!-- \/ Yoast SEO Premium plugin. -->","yoast_head_json":{"title":"COMPANY PROFILE - Nh\u00e0 Th\u00e9p Tr\u00ed Vi\u1ec7t","robots":{"index":"index","follow":"follow","max-snippet":"max-snippet:-1","max-image-preview":"max-image-preview:large","max-video-preview":"max-video-preview:-1"},"canonical":"https:\/\/trivietsteel.com\/en\/company-profile\/","og_locale":"en_US","og_type":"article","og_title":"COMPANY PROFILE","og_url":"https:\/\/trivietsteel.com\/en\/company-profile\/","og_site_name":"Nh\u00e0 Th\u00e9p Tr\u00ed Vi\u1ec7t","article_publisher":"https:\/\/www.facebook.com\/TrivietSteelBuildings\/","article_modified_time":"2024-08-19T09:12:04+00:00","og_image":[{"width":1200,"height":631,"url":"https:\/\/trivietsteel.com\/wp-content\/uploads\/2023\/11\/thumnail-website-6.jpg","type":"image\/jpeg"}],"twitter_card":"summary_large_image","twitter_site":"@TriVietSteel","twitter_misc":{"Est. reading time":"1 minute"},"schema":{"@context":"https:\/\/schema.org","@graph":[{"@type":"WebPage","@id":"https:\/\/trivietsteel.com\/en\/company-profile\/","url":"https:\/\/trivietsteel.com\/en\/company-profile\/","name":"COMPANY PROFILE - Nh\u00e0 Th\u00e9p Tr\u00ed Vi\u1ec7t","isPartOf":{"@id":"https:\/\/trivietsteel.com\/en\/#website"},"datePublished":"2022-08-31T07:03:56+00:00","dateModified":"2024-08-19T09:12:04+00:00","breadcrumb":{"@id":"https:\/\/trivietsteel.com\/en\/company-profile\/#breadcrumb"},"inLanguage":"en-US","potentialAction":[{"@type":"ReadAction","target":["https:\/\/trivietsteel.com\/en\/company-profile\/"]}]},{"@type":"BreadcrumbList","@id":"https:\/\/trivietsteel.com\/en\/company-profile\/#breadcrumb","itemListElement":[{"@type":"ListItem","position":1,"name":"Trang ch\u1ee7","item":"https:\/\/trivietsteel.com\/en\/"},{"@type":"ListItem","position":2,"name":"COMPANY PROFILE"}]},{"@type":"WebSite","@id":"https:\/\/trivietsteel.com\/en\/#website","url":"https:\/\/trivietsteel.com\/en\/","name":"Nh\u00e0 Th\u00e9p Tr\u00ed Vi\u1ec7t","description":"Chi\u1ebfn l\u01b0\u1ee3c ph\u00e1t tri\u1ec3n d\u00e0i h\u1ea1n c\u1ee7a c\u00f4ng ty Nh\u00e0 Th\u00e9p Tr\u00ed Vi\u1ec7t l\u00e0 tr\u1edf th\u00e0nh doanh nghi\u1ec7p h\u00e0ng \u0111\u1ea7u Vi\u1ec7t Nam v\u1ec1 k\u1ebft c\u1ea5u th\u00e9p, v\u1edbi m\u1ee5c ti\u00eau trong giai \u0111o\u1ea1n 2018 - 2022 \u0111\u1ea1t m\u1ee9c doanh s\u1ed1 2.000 t\u1ef7 VN\u0110.","publisher":{"@id":"https:\/\/trivietsteel.com\/en\/#organization"},"alternateName":"TriViet Steel Buildings","potentialAction":[{"@type":"SearchAction","target":{"@type":"EntryPoint","urlTemplate":"https:\/\/trivietsteel.com\/en\/?s={search_term_string}"},"query-input":"required name=search_term_string"}],"inLanguage":"en-US"},{"@type":"Organization","@id":"https:\/\/trivietsteel.com\/en\/#organization","name":"Nh\u00e0 Th\u00e9p Tr\u00ed Vi\u1ec7t","alternateName":"TriViet Steel Buildings","url":"https:\/\/trivietsteel.com\/en\/","logo":{"@type":"ImageObject","inLanguage":"en-US","@id":"https:\/\/trivietsteel.com\/en\/#\/schema\/logo\/image\/","url":"https:\/\/trivietsteel.com\/wp-content\/uploads\/2022\/08\/logo.svg","contentUrl":"https:\/\/trivietsteel.com\/wp-content\/uploads\/2022\/08\/logo.svg","width":223,"height":48,"caption":"Nh\u00e0 Th\u00e9p Tr\u00ed Vi\u1ec7t"},"image":{"@id":"https:\/\/trivietsteel.com\/en\/#\/schema\/logo\/image\/"},"sameAs":["https:\/\/www.facebook.com\/TrivietSteelBuildings\/","https:\/\/twitter.com\/TriVietSteel","https:\/\/www.pinterest.com\/TriVietSteelBuildings\/","https:\/\/www.linkedin.com\/in\/tri-viet-steel-building-vn\/","https:\/\/www.instagram.com\/triviet_steel_buildings\/","https:\/\/www.threads.net\/@triviet_steel_buildings","https:\/\/www.youtube.com\/@TriVietSteelBuildings"]}]}},"_links":{"self":[{"href":"https:\/\/trivietsteel.com\/en\/wp-json\/wp\/v2\/pages\/4142"}],"collection":[{"href":"https:\/\/trivietsteel.com\/en\/wp-json\/wp\/v2\/pages"}],"about":[{"href":"https:\/\/trivietsteel.com\/en\/wp-json\/wp\/v2\/types\/page"}],"author":[{"embeddable":true,"href":"https:\/\/trivietsteel.com\/en\/wp-json\/wp\/v2\/users\/1"}],"replies":[{"embeddable":true,"href":"https:\/\/trivietsteel.com\/en\/wp-json\/wp\/v2\/comments?post=4142"}],"version-history":[{"count":12,"href":"https:\/\/trivietsteel.com\/en\/wp-json\/wp\/v2\/pages\/4142\/revisions"}],"predecessor-version":[{"id":12682,"href":"https:\/\/trivietsteel.com\/en\/wp-json\/wp\/v2\/pages\/4142\/revisions\/12682"}],"wp:attachment":[{"href":"https:\/\/trivietsteel.com\/en\/wp-json\/wp\/v2\/media?parent=4142"}],"curies":[{"name":"wp","href":"https:\/\/api.w.org\/{rel}","templated":true}]}}