{"id":4169,"date":"2022-08-29T15:44:32","date_gmt":"2022-08-29T08:44:32","guid":{"rendered":"https:\/\/trivietsteel.com\/khach-hang-va-doi-tac\/"},"modified":"2024-10-07T08:49:23","modified_gmt":"2024-10-07T01:49:23","slug":"customers-and-partners","status":"publish","type":"page","link":"https:\/\/trivietsteel.com\/en\/customers-and-partners\/","title":{"rendered":"CUSTOMERS AND PARTNERS"},"content":{"rendered":"\n<p>Every customer, supplier, and strategic partner, when accompanying Triviet Steel Buildings in our development orientation, we always consider you as partners in the spirit of support, mutual development, and prosperity.<\/p>\n","protected":false},"excerpt":{"rendered":"<p>Every customer, supplier, and strategic partner, when accompanying Triviet Steel Buildings in our development orientation, we always consider you as partners in the spirit of support, mutual development, and prosperity.<\/p>\n","protected":false},"author":1,"featured_media":0,"parent":0,"menu_order":0,"comment_status":"closed","ping_status":"closed","template":"page-template\/partner-template.php","meta":{"_eb_attr":"","inline_featured_image":false,"footnotes":""},"acf":[],"yoast_head":"<!-- This site is optimized with the Yoast SEO Premium plugin v20.5 (Yoast SEO v20.5) - https:\/\/yoast.com\/wordpress\/plugins\/seo\/ -->\n<title>CUSTOMERS AND PARTNERS - TRIVIET STEEL BUILDINGS<\/title>\n<meta name=\"robots\" content=\"index, follow, max-snippet:-1, max-image-preview:large, max-video-preview:-1\" \/>\n<link rel=\"canonical\" href=\"https:\/\/trivietsteel.com\/en\/customers-and-partners\/\" \/>\n<meta property=\"og:locale\" content=\"en_US\" \/>\n<meta property=\"og:type\" content=\"article\" \/>\n<meta property=\"og:title\" content=\"CUSTOMERS AND PARTNERS\" \/>\n<meta property=\"og:description\" content=\"Every customer, supplier, and strategic partner, when accompanying Triviet Steel Buildings in our development orientation, we always consider you as partners in the spirit of support, mutual development, and prosperity.\" \/>\n<meta property=\"og:url\" content=\"https:\/\/trivietsteel.com\/en\/customers-and-partners\/\" \/>\n<meta property=\"og:site_name\" content=\"Nh\u00e0 Th\u00e9p Tr\u00ed Vi\u1ec7t\" \/>\n<meta property=\"article:publisher\" content=\"https:\/\/www.facebook.com\/TrivietSteelBuildings\/\" \/>\n<meta property=\"article:modified_time\" content=\"2024-10-07T01:49:23+00:00\" \/>\n<meta property=\"og:image\" content=\"https:\/\/trivietsteel.com\/wp-content\/uploads\/2023\/11\/thumnail-website-6.jpg\" \/>\n\t<meta property=\"og:image:width\" content=\"1200\" \/>\n\t<meta property=\"og:image:height\" content=\"631\" \/>\n\t<meta property=\"og:image:type\" content=\"image\/jpeg\" \/>\n<meta name=\"twitter:card\" content=\"summary_large_image\" \/>\n<meta name=\"twitter:site\" content=\"@TriVietSteel\" \/>\n<meta name=\"twitter:label1\" content=\"Est. reading time\" \/>\n\t<meta name=\"twitter:data1\" content=\"1 minute\" \/>\n<script type=\"application\/ld+json\" class=\"yoast-schema-graph\">{\"@context\":\"https:\/\/schema.org\",\"@graph\":[{\"@type\":\"WebPage\",\"@id\":\"https:\/\/trivietsteel.com\/en\/customers-and-partners\/\",\"url\":\"https:\/\/trivietsteel.com\/en\/customers-and-partners\/\",\"name\":\"CUSTOMERS AND PARTNERS - TRIVIET STEEL BUILDINGS\",\"isPartOf\":{\"@id\":\"https:\/\/trivietsteel.com\/en\/#website\"},\"datePublished\":\"2022-08-29T08:44:32+00:00\",\"dateModified\":\"2024-10-07T01:49:23+00:00\",\"breadcrumb\":{\"@id\":\"https:\/\/trivietsteel.com\/en\/customers-and-partners\/#breadcrumb\"},\"inLanguage\":\"en-US\",\"potentialAction\":[{\"@type\":\"ReadAction\",\"target\":[\"https:\/\/trivietsteel.com\/en\/customers-and-partners\/\"]}]},{\"@type\":\"BreadcrumbList\",\"@id\":\"https:\/\/trivietsteel.com\/en\/customers-and-partners\/#breadcrumb\",\"itemListElement\":[{\"@type\":\"ListItem\",\"position\":1,\"name\":\"Trang ch\u1ee7\",\"item\":\"https:\/\/trivietsteel.com\/en\/\"},{\"@type\":\"ListItem\",\"position\":2,\"name\":\"CUSTOMERS AND PARTNERS\"}]},{\"@type\":\"WebSite\",\"@id\":\"https:\/\/trivietsteel.com\/en\/#website\",\"url\":\"https:\/\/trivietsteel.com\/en\/\",\"name\":\"Nh\u00e0 Th\u00e9p Tr\u00ed Vi\u1ec7t\",\"description\":\"Chi\u1ebfn l\u01b0\u1ee3c ph\u00e1t tri\u1ec3n d\u00e0i h\u1ea1n c\u1ee7a c\u00f4ng ty Nh\u00e0 Th\u00e9p Tr\u00ed Vi\u1ec7t l\u00e0 tr\u1edf th\u00e0nh doanh nghi\u1ec7p h\u00e0ng \u0111\u1ea7u Vi\u1ec7t Nam v\u1ec1 k\u1ebft c\u1ea5u th\u00e9p, v\u1edbi m\u1ee5c ti\u00eau trong giai \u0111o\u1ea1n 2018 - 2022 \u0111\u1ea1t m\u1ee9c doanh s\u1ed1 2.000 t\u1ef7 VN\u0110.\",\"publisher\":{\"@id\":\"https:\/\/trivietsteel.com\/en\/#organization\"},\"alternateName\":\"TriViet Steel Buildings\",\"potentialAction\":[{\"@type\":\"SearchAction\",\"target\":{\"@type\":\"EntryPoint\",\"urlTemplate\":\"https:\/\/trivietsteel.com\/en\/?s={search_term_string}\"},\"query-input\":\"required name=search_term_string\"}],\"inLanguage\":\"en-US\"},{\"@type\":\"Organization\",\"@id\":\"https:\/\/trivietsteel.com\/en\/#organization\",\"name\":\"Nh\u00e0 Th\u00e9p Tr\u00ed Vi\u1ec7t\",\"alternateName\":\"TriViet Steel Buildings\",\"url\":\"https:\/\/trivietsteel.com\/en\/\",\"logo\":{\"@type\":\"ImageObject\",\"inLanguage\":\"en-US\",\"@id\":\"https:\/\/trivietsteel.com\/en\/#\/schema\/logo\/image\/\",\"url\":\"https:\/\/trivietsteel.com\/wp-content\/uploads\/2022\/08\/logo.svg\",\"contentUrl\":\"https:\/\/trivietsteel.com\/wp-content\/uploads\/2022\/08\/logo.svg\",\"width\":223,\"height\":48,\"caption\":\"Nh\u00e0 Th\u00e9p Tr\u00ed Vi\u1ec7t\"},\"image\":{\"@id\":\"https:\/\/trivietsteel.com\/en\/#\/schema\/logo\/image\/\"},\"sameAs\":[\"https:\/\/www.facebook.com\/TrivietSteelBuildings\/\",\"https:\/\/twitter.com\/TriVietSteel\",\"https:\/\/www.pinterest.com\/TriVietSteelBuildings\/\",\"https:\/\/www.linkedin.com\/in\/tri-viet-steel-building-vn\/\",\"https:\/\/www.instagram.com\/triviet_steel_buildings\/\",\"https:\/\/www.threads.net\/@triviet_steel_buildings\",\"https:\/\/www.youtube.com\/@TriVietSteelBuildings\"]}]}<\/script>\n<!-- \/ Yoast SEO Premium plugin. -->","yoast_head_json":{"title":"CUSTOMERS AND PARTNERS - TRIVIET STEEL BUILDINGS","robots":{"index":"index","follow":"follow","max-snippet":"max-snippet:-1","max-image-preview":"max-image-preview:large","max-video-preview":"max-video-preview:-1"},"canonical":"https:\/\/trivietsteel.com\/en\/customers-and-partners\/","og_locale":"en_US","og_type":"article","og_title":"CUSTOMERS AND PARTNERS","og_description":"Every customer, supplier, and strategic partner, when accompanying Triviet Steel Buildings in our development orientation, we always consider you as partners in the spirit of support, mutual development, and prosperity.","og_url":"https:\/\/trivietsteel.com\/en\/customers-and-partners\/","og_site_name":"Nh\u00e0 Th\u00e9p Tr\u00ed Vi\u1ec7t","article_publisher":"https:\/\/www.facebook.com\/TrivietSteelBuildings\/","article_modified_time":"2024-10-07T01:49:23+00:00","og_image":[{"width":1200,"height":631,"url":"https:\/\/trivietsteel.com\/wp-content\/uploads\/2023\/11\/thumnail-website-6.jpg","type":"image\/jpeg"}],"twitter_card":"summary_large_image","twitter_site":"@TriVietSteel","twitter_misc":{"Est. reading time":"1 minute"},"schema":{"@context":"https:\/\/schema.org","@graph":[{"@type":"WebPage","@id":"https:\/\/trivietsteel.com\/en\/customers-and-partners\/","url":"https:\/\/trivietsteel.com\/en\/customers-and-partners\/","name":"CUSTOMERS AND PARTNERS - TRIVIET STEEL BUILDINGS","isPartOf":{"@id":"https:\/\/trivietsteel.com\/en\/#website"},"datePublished":"2022-08-29T08:44:32+00:00","dateModified":"2024-10-07T01:49:23+00:00","breadcrumb":{"@id":"https:\/\/trivietsteel.com\/en\/customers-and-partners\/#breadcrumb"},"inLanguage":"en-US","potentialAction":[{"@type":"ReadAction","target":["https:\/\/trivietsteel.com\/en\/customers-and-partners\/"]}]},{"@type":"BreadcrumbList","@id":"https:\/\/trivietsteel.com\/en\/customers-and-partners\/#breadcrumb","itemListElement":[{"@type":"ListItem","position":1,"name":"Trang ch\u1ee7","item":"https:\/\/trivietsteel.com\/en\/"},{"@type":"ListItem","position":2,"name":"CUSTOMERS AND PARTNERS"}]},{"@type":"WebSite","@id":"https:\/\/trivietsteel.com\/en\/#website","url":"https:\/\/trivietsteel.com\/en\/","name":"Nh\u00e0 Th\u00e9p Tr\u00ed Vi\u1ec7t","description":"Chi\u1ebfn l\u01b0\u1ee3c ph\u00e1t tri\u1ec3n d\u00e0i h\u1ea1n c\u1ee7a c\u00f4ng ty Nh\u00e0 Th\u00e9p Tr\u00ed Vi\u1ec7t l\u00e0 tr\u1edf th\u00e0nh doanh nghi\u1ec7p h\u00e0ng \u0111\u1ea7u Vi\u1ec7t Nam v\u1ec1 k\u1ebft c\u1ea5u th\u00e9p, v\u1edbi m\u1ee5c ti\u00eau trong giai \u0111o\u1ea1n 2018 - 2022 \u0111\u1ea1t m\u1ee9c doanh s\u1ed1 2.000 t\u1ef7 VN\u0110.","publisher":{"@id":"https:\/\/trivietsteel.com\/en\/#organization"},"alternateName":"TriViet Steel Buildings","potentialAction":[{"@type":"SearchAction","target":{"@type":"EntryPoint","urlTemplate":"https:\/\/trivietsteel.com\/en\/?s={search_term_string}"},"query-input":"required name=search_term_string"}],"inLanguage":"en-US"},{"@type":"Organization","@id":"https:\/\/trivietsteel.com\/en\/#organization","name":"Nh\u00e0 Th\u00e9p Tr\u00ed Vi\u1ec7t","alternateName":"TriViet Steel Buildings","url":"https:\/\/trivietsteel.com\/en\/","logo":{"@type":"ImageObject","inLanguage":"en-US","@id":"https:\/\/trivietsteel.com\/en\/#\/schema\/logo\/image\/","url":"https:\/\/trivietsteel.com\/wp-content\/uploads\/2022\/08\/logo.svg","contentUrl":"https:\/\/trivietsteel.com\/wp-content\/uploads\/2022\/08\/logo.svg","width":223,"height":48,"caption":"Nh\u00e0 Th\u00e9p Tr\u00ed Vi\u1ec7t"},"image":{"@id":"https:\/\/trivietsteel.com\/en\/#\/schema\/logo\/image\/"},"sameAs":["https:\/\/www.facebook.com\/TrivietSteelBuildings\/","https:\/\/twitter.com\/TriVietSteel","https:\/\/www.pinterest.com\/TriVietSteelBuildings\/","https:\/\/www.linkedin.com\/in\/tri-viet-steel-building-vn\/","https:\/\/www.instagram.com\/triviet_steel_buildings\/","https:\/\/www.threads.net\/@triviet_steel_buildings","https:\/\/www.youtube.com\/@TriVietSteelBuildings"]}]}},"_links":{"self":[{"href":"https:\/\/trivietsteel.com\/en\/wp-json\/wp\/v2\/pages\/4169"}],"collection":[{"href":"https:\/\/trivietsteel.com\/en\/wp-json\/wp\/v2\/pages"}],"about":[{"href":"https:\/\/trivietsteel.com\/en\/wp-json\/wp\/v2\/types\/page"}],"author":[{"embeddable":true,"href":"https:\/\/trivietsteel.com\/en\/wp-json\/wp\/v2\/users\/1"}],"replies":[{"embeddable":true,"href":"https:\/\/trivietsteel.com\/en\/wp-json\/wp\/v2\/comments?post=4169"}],"version-history":[{"count":5,"href":"https:\/\/trivietsteel.com\/en\/wp-json\/wp\/v2\/pages\/4169\/revisions"}],"predecessor-version":[{"id":13406,"href":"https:\/\/trivietsteel.com\/en\/wp-json\/wp\/v2\/pages\/4169\/revisions\/13406"}],"wp:attachment":[{"href":"https:\/\/trivietsteel.com\/en\/wp-json\/wp\/v2\/media?parent=4169"}],"curies":[{"name":"wp","href":"https:\/\/api.w.org\/{rel}","templated":true}]}}