{"id":4171,"date":"2022-08-29T15:44:18","date_gmt":"2022-08-29T08:44:18","guid":{"rendered":"https:\/\/trivietsteel.com\/danh-muc-san-pham\/"},"modified":"2024-10-07T09:18:29","modified_gmt":"2024-10-07T02:18:29","slug":"products","status":"publish","type":"page","link":"https:\/\/trivietsteel.com\/en\/products\/","title":{"rendered":"PRODUCTS"},"content":{"rendered":"<p>With diversified products and perfect services, Triviet Steel Buildings has been meeting the increasing demands of customers. We are proud to be a supplier of &#8220;smart solutions&#8221; belonging to<strong> the Top 4 pre-engineered steel buildings in Vietnam.<\/strong><\/p>\n<div class=\"ddict_btn\" style=\"top: 74px; left: 315.391px;\"><\/div>\n","protected":false},"excerpt":{"rendered":"<p>With diversified products and perfect services, Triviet Steel Buildings has been meeting the increasing demands of customers. We are proud to be a supplier of &#8220;smart solutions&#8221; belonging to the Top 4 pre-engineered steel buildings in Vietnam.<\/p>\n","protected":false},"author":1,"featured_media":4783,"parent":0,"menu_order":0,"comment_status":"closed","ping_status":"closed","template":"page-template\/product-template.php","meta":{"_eb_attr":"","inline_featured_image":false,"footnotes":""},"acf":[],"yoast_head":"<!-- This site is optimized with the Yoast SEO Premium plugin v20.5 (Yoast SEO v20.5) - https:\/\/yoast.com\/wordpress\/plugins\/seo\/ -->\n<title>PRODUCTS - Nh\u00e0 Th\u00e9p Tr\u00ed Vi\u1ec7t<\/title>\n<meta name=\"robots\" content=\"index, follow, max-snippet:-1, max-image-preview:large, max-video-preview:-1\" \/>\n<link rel=\"canonical\" href=\"https:\/\/trivietsteel.com\/en\/products\/\" \/>\n<meta property=\"og:locale\" content=\"en_US\" \/>\n<meta property=\"og:type\" content=\"article\" \/>\n<meta property=\"og:title\" content=\"PRODUCTS\" \/>\n<meta property=\"og:description\" content=\"With diversified products and perfect services, Triviet Steel Buildings has been meeting the increasing demands of customers. We are proud to be a supplier of &#8220;smart solutions&#8221; belonging to the Top 4 pre-engineered steel buildings in Vietnam.\" \/>\n<meta property=\"og:url\" content=\"https:\/\/trivietsteel.com\/en\/products\/\" \/>\n<meta property=\"og:site_name\" content=\"Nh\u00e0 Th\u00e9p Tr\u00ed Vi\u1ec7t\" \/>\n<meta property=\"article:publisher\" content=\"https:\/\/www.facebook.com\/TrivietSteelBuildings\/\" \/>\n<meta property=\"article:modified_time\" content=\"2024-10-07T02:18:29+00:00\" \/>\n<meta property=\"og:image\" content=\"https:\/\/trivietsteel.com\/wp-content\/uploads\/2022\/08\/steel-structure-building-triviet-steel-nha-thep-tien-che-1.png\" \/>\n\t<meta property=\"og:image:width\" content=\"724\" \/>\n\t<meta property=\"og:image:height\" content=\"417\" \/>\n\t<meta property=\"og:image:type\" content=\"image\/png\" \/>\n<meta name=\"twitter:card\" content=\"summary_large_image\" \/>\n<meta name=\"twitter:site\" content=\"@TriVietSteel\" \/>\n<meta name=\"twitter:label1\" content=\"Est. reading time\" \/>\n\t<meta name=\"twitter:data1\" content=\"1 minute\" \/>\n<script type=\"application\/ld+json\" class=\"yoast-schema-graph\">{\"@context\":\"https:\/\/schema.org\",\"@graph\":[{\"@type\":\"WebPage\",\"@id\":\"https:\/\/trivietsteel.com\/en\/products\/\",\"url\":\"https:\/\/trivietsteel.com\/en\/products\/\",\"name\":\"PRODUCTS - Nh\u00e0 Th\u00e9p Tr\u00ed Vi\u1ec7t\",\"isPartOf\":{\"@id\":\"https:\/\/trivietsteel.com\/en\/#website\"},\"datePublished\":\"2022-08-29T08:44:18+00:00\",\"dateModified\":\"2024-10-07T02:18:29+00:00\",\"breadcrumb\":{\"@id\":\"https:\/\/trivietsteel.com\/en\/products\/#breadcrumb\"},\"inLanguage\":\"en-US\",\"potentialAction\":[{\"@type\":\"ReadAction\",\"target\":[\"https:\/\/trivietsteel.com\/en\/products\/\"]}]},{\"@type\":\"BreadcrumbList\",\"@id\":\"https:\/\/trivietsteel.com\/en\/products\/#breadcrumb\",\"itemListElement\":[{\"@type\":\"ListItem\",\"position\":1,\"name\":\"Trang ch\u1ee7\",\"item\":\"https:\/\/trivietsteel.com\/en\/\"},{\"@type\":\"ListItem\",\"position\":2,\"name\":\"PRODUCTS\"}]},{\"@type\":\"WebSite\",\"@id\":\"https:\/\/trivietsteel.com\/en\/#website\",\"url\":\"https:\/\/trivietsteel.com\/en\/\",\"name\":\"Nh\u00e0 Th\u00e9p Tr\u00ed Vi\u1ec7t\",\"description\":\"Chi\u1ebfn l\u01b0\u1ee3c ph\u00e1t tri\u1ec3n d\u00e0i h\u1ea1n c\u1ee7a c\u00f4ng ty Nh\u00e0 Th\u00e9p Tr\u00ed Vi\u1ec7t l\u00e0 tr\u1edf th\u00e0nh doanh nghi\u1ec7p h\u00e0ng \u0111\u1ea7u Vi\u1ec7t Nam v\u1ec1 k\u1ebft c\u1ea5u th\u00e9p, v\u1edbi m\u1ee5c ti\u00eau trong giai \u0111o\u1ea1n 2018 - 2022 \u0111\u1ea1t m\u1ee9c doanh s\u1ed1 2.000 t\u1ef7 VN\u0110.\",\"publisher\":{\"@id\":\"https:\/\/trivietsteel.com\/en\/#organization\"},\"alternateName\":\"TriViet Steel Buildings\",\"potentialAction\":[{\"@type\":\"SearchAction\",\"target\":{\"@type\":\"EntryPoint\",\"urlTemplate\":\"https:\/\/trivietsteel.com\/en\/?s={search_term_string}\"},\"query-input\":\"required name=search_term_string\"}],\"inLanguage\":\"en-US\"},{\"@type\":\"Organization\",\"@id\":\"https:\/\/trivietsteel.com\/en\/#organization\",\"name\":\"Nh\u00e0 Th\u00e9p Tr\u00ed Vi\u1ec7t\",\"alternateName\":\"TriViet Steel Buildings\",\"url\":\"https:\/\/trivietsteel.com\/en\/\",\"logo\":{\"@type\":\"ImageObject\",\"inLanguage\":\"en-US\",\"@id\":\"https:\/\/trivietsteel.com\/en\/#\/schema\/logo\/image\/\",\"url\":\"https:\/\/trivietsteel.com\/wp-content\/uploads\/2022\/08\/logo.svg\",\"contentUrl\":\"https:\/\/trivietsteel.com\/wp-content\/uploads\/2022\/08\/logo.svg\",\"width\":223,\"height\":48,\"caption\":\"Nh\u00e0 Th\u00e9p Tr\u00ed Vi\u1ec7t\"},\"image\":{\"@id\":\"https:\/\/trivietsteel.com\/en\/#\/schema\/logo\/image\/\"},\"sameAs\":[\"https:\/\/www.facebook.com\/TrivietSteelBuildings\/\",\"https:\/\/twitter.com\/TriVietSteel\",\"https:\/\/www.pinterest.com\/TriVietSteelBuildings\/\",\"https:\/\/www.linkedin.com\/in\/tri-viet-steel-building-vn\/\",\"https:\/\/www.instagram.com\/triviet_steel_buildings\/\",\"https:\/\/www.threads.net\/@triviet_steel_buildings\",\"https:\/\/www.youtube.com\/@TriVietSteelBuildings\"]}]}<\/script>\n<!-- \/ Yoast SEO Premium plugin. -->","yoast_head_json":{"title":"PRODUCTS - Nh\u00e0 Th\u00e9p Tr\u00ed Vi\u1ec7t","robots":{"index":"index","follow":"follow","max-snippet":"max-snippet:-1","max-image-preview":"max-image-preview:large","max-video-preview":"max-video-preview:-1"},"canonical":"https:\/\/trivietsteel.com\/en\/products\/","og_locale":"en_US","og_type":"article","og_title":"PRODUCTS","og_description":"With diversified products and perfect services, Triviet Steel Buildings has been meeting the increasing demands of customers. We are proud to be a supplier of &#8220;smart solutions&#8221; belonging to the Top 4 pre-engineered steel buildings in Vietnam.","og_url":"https:\/\/trivietsteel.com\/en\/products\/","og_site_name":"Nh\u00e0 Th\u00e9p Tr\u00ed Vi\u1ec7t","article_publisher":"https:\/\/www.facebook.com\/TrivietSteelBuildings\/","article_modified_time":"2024-10-07T02:18:29+00:00","og_image":[{"width":724,"height":417,"url":"https:\/\/trivietsteel.com\/wp-content\/uploads\/2022\/08\/steel-structure-building-triviet-steel-nha-thep-tien-che-1.png","type":"image\/png"}],"twitter_card":"summary_large_image","twitter_site":"@TriVietSteel","twitter_misc":{"Est. reading time":"1 minute"},"schema":{"@context":"https:\/\/schema.org","@graph":[{"@type":"WebPage","@id":"https:\/\/trivietsteel.com\/en\/products\/","url":"https:\/\/trivietsteel.com\/en\/products\/","name":"PRODUCTS - Nh\u00e0 Th\u00e9p Tr\u00ed Vi\u1ec7t","isPartOf":{"@id":"https:\/\/trivietsteel.com\/en\/#website"},"datePublished":"2022-08-29T08:44:18+00:00","dateModified":"2024-10-07T02:18:29+00:00","breadcrumb":{"@id":"https:\/\/trivietsteel.com\/en\/products\/#breadcrumb"},"inLanguage":"en-US","potentialAction":[{"@type":"ReadAction","target":["https:\/\/trivietsteel.com\/en\/products\/"]}]},{"@type":"BreadcrumbList","@id":"https:\/\/trivietsteel.com\/en\/products\/#breadcrumb","itemListElement":[{"@type":"ListItem","position":1,"name":"Trang ch\u1ee7","item":"https:\/\/trivietsteel.com\/en\/"},{"@type":"ListItem","position":2,"name":"PRODUCTS"}]},{"@type":"WebSite","@id":"https:\/\/trivietsteel.com\/en\/#website","url":"https:\/\/trivietsteel.com\/en\/","name":"Nh\u00e0 Th\u00e9p Tr\u00ed Vi\u1ec7t","description":"Chi\u1ebfn l\u01b0\u1ee3c ph\u00e1t tri\u1ec3n d\u00e0i h\u1ea1n c\u1ee7a c\u00f4ng ty Nh\u00e0 Th\u00e9p Tr\u00ed Vi\u1ec7t l\u00e0 tr\u1edf th\u00e0nh doanh nghi\u1ec7p h\u00e0ng \u0111\u1ea7u Vi\u1ec7t Nam v\u1ec1 k\u1ebft c\u1ea5u th\u00e9p, v\u1edbi m\u1ee5c ti\u00eau trong giai \u0111o\u1ea1n 2018 - 2022 \u0111\u1ea1t m\u1ee9c doanh s\u1ed1 2.000 t\u1ef7 VN\u0110.","publisher":{"@id":"https:\/\/trivietsteel.com\/en\/#organization"},"alternateName":"TriViet Steel Buildings","potentialAction":[{"@type":"SearchAction","target":{"@type":"EntryPoint","urlTemplate":"https:\/\/trivietsteel.com\/en\/?s={search_term_string}"},"query-input":"required name=search_term_string"}],"inLanguage":"en-US"},{"@type":"Organization","@id":"https:\/\/trivietsteel.com\/en\/#organization","name":"Nh\u00e0 Th\u00e9p Tr\u00ed Vi\u1ec7t","alternateName":"TriViet Steel Buildings","url":"https:\/\/trivietsteel.com\/en\/","logo":{"@type":"ImageObject","inLanguage":"en-US","@id":"https:\/\/trivietsteel.com\/en\/#\/schema\/logo\/image\/","url":"https:\/\/trivietsteel.com\/wp-content\/uploads\/2022\/08\/logo.svg","contentUrl":"https:\/\/trivietsteel.com\/wp-content\/uploads\/2022\/08\/logo.svg","width":223,"height":48,"caption":"Nh\u00e0 Th\u00e9p Tr\u00ed Vi\u1ec7t"},"image":{"@id":"https:\/\/trivietsteel.com\/en\/#\/schema\/logo\/image\/"},"sameAs":["https:\/\/www.facebook.com\/TrivietSteelBuildings\/","https:\/\/twitter.com\/TriVietSteel","https:\/\/www.pinterest.com\/TriVietSteelBuildings\/","https:\/\/www.linkedin.com\/in\/tri-viet-steel-building-vn\/","https:\/\/www.instagram.com\/triviet_steel_buildings\/","https:\/\/www.threads.net\/@triviet_steel_buildings","https:\/\/www.youtube.com\/@TriVietSteelBuildings"]}]}},"_links":{"self":[{"href":"https:\/\/trivietsteel.com\/en\/wp-json\/wp\/v2\/pages\/4171"}],"collection":[{"href":"https:\/\/trivietsteel.com\/en\/wp-json\/wp\/v2\/pages"}],"about":[{"href":"https:\/\/trivietsteel.com\/en\/wp-json\/wp\/v2\/types\/page"}],"author":[{"embeddable":true,"href":"https:\/\/trivietsteel.com\/en\/wp-json\/wp\/v2\/users\/1"}],"replies":[{"embeddable":true,"href":"https:\/\/trivietsteel.com\/en\/wp-json\/wp\/v2\/comments?post=4171"}],"version-history":[{"count":3,"href":"https:\/\/trivietsteel.com\/en\/wp-json\/wp\/v2\/pages\/4171\/revisions"}],"predecessor-version":[{"id":13429,"href":"https:\/\/trivietsteel.com\/en\/wp-json\/wp\/v2\/pages\/4171\/revisions\/13429"}],"wp:featuredmedia":[{"embeddable":true,"href":"https:\/\/trivietsteel.com\/en\/wp-json\/wp\/v2\/media\/4783"}],"wp:attachment":[{"href":"https:\/\/trivietsteel.com\/en\/wp-json\/wp\/v2\/media?parent=4171"}],"curies":[{"name":"wp","href":"https:\/\/api.w.org\/{rel}","templated":true}]}}