{"id":4173,"date":"2022-08-29T15:43:56","date_gmt":"2022-08-29T08:43:56","guid":{"rendered":"https:\/\/trivietsteel.com\/danh-muc-du-an\/"},"modified":"2024-08-21T08:31:16","modified_gmt":"2024-08-21T01:31:16","slug":"projects","status":"publish","type":"page","link":"https:\/\/trivietsteel.com\/en\/projects\/","title":{"rendered":"PROJECT"},"content":{"rendered":"\n<p>Triviet Steel Building is always proud of professional construction and erection methods for steel structure items, pre-engineered steel buildings of thousands of domestic and foreign projects and works: factories, commercial centers, factories, industrial, airport, and many other projects&#8230;<\/p>\n\n\n\n<p>We provide optimal solutions based on rigorous processes and an understanding of each customer&#8217;s needs. Our team of consultants and designers is ready to spend a lot of time listening and coming up with smart solutions that best suit the different needs of each customer. Becoming the leading pre-engineered steel structure supplier in Vietnam with the best quality and service is the mission that Triviet Steel Building has set for itself. We are committed to always building and developing a company that is closely tied to the number 1 quality goal and customer satisfaction is the only goal.<\/p>\n","protected":false},"excerpt":{"rendered":"<p>Triviet Steel Building is always proud of professional construction and erection methods for steel structure items, pre-engineered steel buildings of thousands of domestic and foreign projects and works: factories, commercial centers, factories, industrial, airport, and many other projects&#8230; We provide optimal solutions based on rigorous processes and an understanding of each customer&#8217;s needs. Our team [&hellip;]<\/p>\n","protected":false},"author":1,"featured_media":0,"parent":0,"menu_order":0,"comment_status":"closed","ping_status":"closed","template":"page-template\/project-template.php","meta":{"_eb_attr":"","inline_featured_image":false,"footnotes":""},"acf":[],"yoast_head":"<!-- This site is optimized with the Yoast SEO Premium plugin v20.5 (Yoast SEO v20.5) - https:\/\/yoast.com\/wordpress\/plugins\/seo\/ -->\n<title>PROJECT - Nh\u00e0 Th\u00e9p Tr\u00ed Vi\u1ec7t<\/title>\n<meta name=\"description\" content=\"Nh\u00e0 Th\u00e9p Tr\u00ed Vi\u1ec7t lu\u00f4n t\u1ef1 h\u00e0o v\u1edbi bi\u1ec7n ph\u00e1p thi c\u00f4ng, l\u1eafp d\u1ef1ng chuy\u00ean nghi\u1ec7p h\u1ea1ng m\u1ee5c k\u1ebft c\u1ea5u th\u00e9p, nh\u00e0 th\u00e9p ti\u1ec1n ch\u1ebf c\u1ee7a h\u00e0ng ng\u00e0n d\u1ef1 \u00e1n, c\u00f4ng tr\u00ecnh trong v\u00e0 ngo\u00e0i n\u01b0\u1edbc: nh\u00e0 m\u00e1y, trung t\u00e2m th\u01b0\u01a1ng m\u1ea1i, nh\u00e0 x\u01b0\u1edfng c\u00f4ng nghi\u1ec7p, s\u00e2n bay v\u00e0 nhi\u1ec1u d\u1ef1 \u00e1n kh\u00e1c....\" \/>\n<meta name=\"robots\" content=\"index, follow, max-snippet:-1, max-image-preview:large, max-video-preview:-1\" \/>\n<link rel=\"canonical\" href=\"https:\/\/trivietsteel.com\/en\/projects\/\" \/>\n<meta property=\"og:locale\" content=\"en_US\" \/>\n<meta property=\"og:type\" content=\"article\" \/>\n<meta property=\"og:title\" content=\"PROJECT\" \/>\n<meta property=\"og:description\" content=\"Nh\u00e0 Th\u00e9p Tr\u00ed Vi\u1ec7t lu\u00f4n t\u1ef1 h\u00e0o v\u1edbi bi\u1ec7n ph\u00e1p thi c\u00f4ng, l\u1eafp d\u1ef1ng chuy\u00ean nghi\u1ec7p h\u1ea1ng m\u1ee5c k\u1ebft c\u1ea5u th\u00e9p, nh\u00e0 th\u00e9p ti\u1ec1n ch\u1ebf c\u1ee7a h\u00e0ng ng\u00e0n d\u1ef1 \u00e1n, c\u00f4ng tr\u00ecnh trong v\u00e0 ngo\u00e0i n\u01b0\u1edbc: nh\u00e0 m\u00e1y, trung t\u00e2m th\u01b0\u01a1ng m\u1ea1i, nh\u00e0 x\u01b0\u1edfng c\u00f4ng nghi\u1ec7p, s\u00e2n bay v\u00e0 nhi\u1ec1u d\u1ef1 \u00e1n kh\u00e1c....\" \/>\n<meta property=\"og:url\" content=\"https:\/\/trivietsteel.com\/en\/projects\/\" \/>\n<meta property=\"og:site_name\" content=\"Nh\u00e0 Th\u00e9p Tr\u00ed Vi\u1ec7t\" \/>\n<meta property=\"article:publisher\" content=\"https:\/\/www.facebook.com\/TrivietSteelBuildings\/\" \/>\n<meta property=\"article:modified_time\" content=\"2024-08-21T01:31:16+00:00\" \/>\n<meta property=\"og:image\" content=\"https:\/\/trivietsteel.com\/wp-content\/uploads\/2023\/11\/thumnail-website-6.jpg\" \/>\n\t<meta property=\"og:image:width\" content=\"1200\" \/>\n\t<meta property=\"og:image:height\" content=\"631\" \/>\n\t<meta property=\"og:image:type\" content=\"image\/jpeg\" \/>\n<meta name=\"twitter:card\" content=\"summary_large_image\" \/>\n<meta name=\"twitter:site\" content=\"@TriVietSteel\" \/>\n<meta name=\"twitter:label1\" content=\"Est. reading time\" \/>\n\t<meta name=\"twitter:data1\" content=\"1 minute\" \/>\n<script type=\"application\/ld+json\" class=\"yoast-schema-graph\">{\"@context\":\"https:\/\/schema.org\",\"@graph\":[{\"@type\":\"WebPage\",\"@id\":\"https:\/\/trivietsteel.com\/en\/projects\/\",\"url\":\"https:\/\/trivietsteel.com\/en\/projects\/\",\"name\":\"PROJECT - Nh\u00e0 Th\u00e9p Tr\u00ed Vi\u1ec7t\",\"isPartOf\":{\"@id\":\"https:\/\/trivietsteel.com\/en\/#website\"},\"datePublished\":\"2022-08-29T08:43:56+00:00\",\"dateModified\":\"2024-08-21T01:31:16+00:00\",\"description\":\"Nh\u00e0 Th\u00e9p Tr\u00ed Vi\u1ec7t lu\u00f4n t\u1ef1 h\u00e0o v\u1edbi bi\u1ec7n ph\u00e1p thi c\u00f4ng, l\u1eafp d\u1ef1ng chuy\u00ean nghi\u1ec7p h\u1ea1ng m\u1ee5c k\u1ebft c\u1ea5u th\u00e9p, nh\u00e0 th\u00e9p ti\u1ec1n ch\u1ebf c\u1ee7a h\u00e0ng ng\u00e0n d\u1ef1 \u00e1n, c\u00f4ng tr\u00ecnh trong v\u00e0 ngo\u00e0i n\u01b0\u1edbc: nh\u00e0 m\u00e1y, trung t\u00e2m th\u01b0\u01a1ng m\u1ea1i, nh\u00e0 x\u01b0\u1edfng c\u00f4ng nghi\u1ec7p, s\u00e2n bay v\u00e0 nhi\u1ec1u d\u1ef1 \u00e1n kh\u00e1c....\",\"breadcrumb\":{\"@id\":\"https:\/\/trivietsteel.com\/en\/projects\/#breadcrumb\"},\"inLanguage\":\"en-US\",\"potentialAction\":[{\"@type\":\"ReadAction\",\"target\":[\"https:\/\/trivietsteel.com\/en\/projects\/\"]}]},{\"@type\":\"BreadcrumbList\",\"@id\":\"https:\/\/trivietsteel.com\/en\/projects\/#breadcrumb\",\"itemListElement\":[{\"@type\":\"ListItem\",\"position\":1,\"name\":\"Trang ch\u1ee7\",\"item\":\"https:\/\/trivietsteel.com\/en\/\"},{\"@type\":\"ListItem\",\"position\":2,\"name\":\"PROJECT\"}]},{\"@type\":\"WebSite\",\"@id\":\"https:\/\/trivietsteel.com\/en\/#website\",\"url\":\"https:\/\/trivietsteel.com\/en\/\",\"name\":\"Nh\u00e0 Th\u00e9p Tr\u00ed Vi\u1ec7t\",\"description\":\"Chi\u1ebfn l\u01b0\u1ee3c ph\u00e1t tri\u1ec3n d\u00e0i h\u1ea1n c\u1ee7a c\u00f4ng ty Nh\u00e0 Th\u00e9p Tr\u00ed Vi\u1ec7t l\u00e0 tr\u1edf th\u00e0nh doanh nghi\u1ec7p h\u00e0ng \u0111\u1ea7u Vi\u1ec7t Nam v\u1ec1 k\u1ebft c\u1ea5u th\u00e9p, v\u1edbi m\u1ee5c ti\u00eau trong giai \u0111o\u1ea1n 2018 - 2022 \u0111\u1ea1t m\u1ee9c doanh s\u1ed1 2.000 t\u1ef7 VN\u0110.\",\"publisher\":{\"@id\":\"https:\/\/trivietsteel.com\/en\/#organization\"},\"alternateName\":\"TriViet Steel Buildings\",\"potentialAction\":[{\"@type\":\"SearchAction\",\"target\":{\"@type\":\"EntryPoint\",\"urlTemplate\":\"https:\/\/trivietsteel.com\/en\/?s={search_term_string}\"},\"query-input\":\"required name=search_term_string\"}],\"inLanguage\":\"en-US\"},{\"@type\":\"Organization\",\"@id\":\"https:\/\/trivietsteel.com\/en\/#organization\",\"name\":\"Nh\u00e0 Th\u00e9p Tr\u00ed Vi\u1ec7t\",\"alternateName\":\"TriViet Steel Buildings\",\"url\":\"https:\/\/trivietsteel.com\/en\/\",\"logo\":{\"@type\":\"ImageObject\",\"inLanguage\":\"en-US\",\"@id\":\"https:\/\/trivietsteel.com\/en\/#\/schema\/logo\/image\/\",\"url\":\"https:\/\/trivietsteel.com\/wp-content\/uploads\/2022\/08\/logo.svg\",\"contentUrl\":\"https:\/\/trivietsteel.com\/wp-content\/uploads\/2022\/08\/logo.svg\",\"width\":223,\"height\":48,\"caption\":\"Nh\u00e0 Th\u00e9p Tr\u00ed Vi\u1ec7t\"},\"image\":{\"@id\":\"https:\/\/trivietsteel.com\/en\/#\/schema\/logo\/image\/\"},\"sameAs\":[\"https:\/\/www.facebook.com\/TrivietSteelBuildings\/\",\"https:\/\/twitter.com\/TriVietSteel\",\"https:\/\/www.pinterest.com\/TriVietSteelBuildings\/\",\"https:\/\/www.linkedin.com\/in\/tri-viet-steel-building-vn\/\",\"https:\/\/www.instagram.com\/triviet_steel_buildings\/\",\"https:\/\/www.threads.net\/@triviet_steel_buildings\",\"https:\/\/www.youtube.com\/@TriVietSteelBuildings\"]}]}<\/script>\n<!-- \/ Yoast SEO Premium plugin. -->","yoast_head_json":{"title":"PROJECT - Nh\u00e0 Th\u00e9p Tr\u00ed Vi\u1ec7t","description":"Nh\u00e0 Th\u00e9p Tr\u00ed Vi\u1ec7t lu\u00f4n t\u1ef1 h\u00e0o v\u1edbi bi\u1ec7n ph\u00e1p thi c\u00f4ng, l\u1eafp d\u1ef1ng chuy\u00ean nghi\u1ec7p h\u1ea1ng m\u1ee5c k\u1ebft c\u1ea5u th\u00e9p, nh\u00e0 th\u00e9p ti\u1ec1n ch\u1ebf c\u1ee7a h\u00e0ng ng\u00e0n d\u1ef1 \u00e1n, c\u00f4ng tr\u00ecnh trong v\u00e0 ngo\u00e0i n\u01b0\u1edbc: nh\u00e0 m\u00e1y, trung t\u00e2m th\u01b0\u01a1ng m\u1ea1i, nh\u00e0 x\u01b0\u1edfng c\u00f4ng nghi\u1ec7p, s\u00e2n bay v\u00e0 nhi\u1ec1u d\u1ef1 \u00e1n kh\u00e1c....","robots":{"index":"index","follow":"follow","max-snippet":"max-snippet:-1","max-image-preview":"max-image-preview:large","max-video-preview":"max-video-preview:-1"},"canonical":"https:\/\/trivietsteel.com\/en\/projects\/","og_locale":"en_US","og_type":"article","og_title":"PROJECT","og_description":"Nh\u00e0 Th\u00e9p Tr\u00ed Vi\u1ec7t lu\u00f4n t\u1ef1 h\u00e0o v\u1edbi bi\u1ec7n ph\u00e1p thi c\u00f4ng, l\u1eafp d\u1ef1ng chuy\u00ean nghi\u1ec7p h\u1ea1ng m\u1ee5c k\u1ebft c\u1ea5u th\u00e9p, nh\u00e0 th\u00e9p ti\u1ec1n ch\u1ebf c\u1ee7a h\u00e0ng ng\u00e0n d\u1ef1 \u00e1n, c\u00f4ng tr\u00ecnh trong v\u00e0 ngo\u00e0i n\u01b0\u1edbc: nh\u00e0 m\u00e1y, trung t\u00e2m th\u01b0\u01a1ng m\u1ea1i, nh\u00e0 x\u01b0\u1edfng c\u00f4ng nghi\u1ec7p, s\u00e2n bay v\u00e0 nhi\u1ec1u d\u1ef1 \u00e1n kh\u00e1c....","og_url":"https:\/\/trivietsteel.com\/en\/projects\/","og_site_name":"Nh\u00e0 Th\u00e9p Tr\u00ed Vi\u1ec7t","article_publisher":"https:\/\/www.facebook.com\/TrivietSteelBuildings\/","article_modified_time":"2024-08-21T01:31:16+00:00","og_image":[{"width":1200,"height":631,"url":"https:\/\/trivietsteel.com\/wp-content\/uploads\/2023\/11\/thumnail-website-6.jpg","type":"image\/jpeg"}],"twitter_card":"summary_large_image","twitter_site":"@TriVietSteel","twitter_misc":{"Est. reading time":"1 minute"},"schema":{"@context":"https:\/\/schema.org","@graph":[{"@type":"WebPage","@id":"https:\/\/trivietsteel.com\/en\/projects\/","url":"https:\/\/trivietsteel.com\/en\/projects\/","name":"PROJECT - Nh\u00e0 Th\u00e9p Tr\u00ed Vi\u1ec7t","isPartOf":{"@id":"https:\/\/trivietsteel.com\/en\/#website"},"datePublished":"2022-08-29T08:43:56+00:00","dateModified":"2024-08-21T01:31:16+00:00","description":"Nh\u00e0 Th\u00e9p Tr\u00ed Vi\u1ec7t lu\u00f4n t\u1ef1 h\u00e0o v\u1edbi bi\u1ec7n ph\u00e1p thi c\u00f4ng, l\u1eafp d\u1ef1ng chuy\u00ean nghi\u1ec7p h\u1ea1ng m\u1ee5c k\u1ebft c\u1ea5u th\u00e9p, nh\u00e0 th\u00e9p ti\u1ec1n ch\u1ebf c\u1ee7a h\u00e0ng ng\u00e0n d\u1ef1 \u00e1n, c\u00f4ng tr\u00ecnh trong v\u00e0 ngo\u00e0i n\u01b0\u1edbc: nh\u00e0 m\u00e1y, trung t\u00e2m th\u01b0\u01a1ng m\u1ea1i, nh\u00e0 x\u01b0\u1edfng c\u00f4ng nghi\u1ec7p, s\u00e2n bay v\u00e0 nhi\u1ec1u d\u1ef1 \u00e1n kh\u00e1c....","breadcrumb":{"@id":"https:\/\/trivietsteel.com\/en\/projects\/#breadcrumb"},"inLanguage":"en-US","potentialAction":[{"@type":"ReadAction","target":["https:\/\/trivietsteel.com\/en\/projects\/"]}]},{"@type":"BreadcrumbList","@id":"https:\/\/trivietsteel.com\/en\/projects\/#breadcrumb","itemListElement":[{"@type":"ListItem","position":1,"name":"Trang ch\u1ee7","item":"https:\/\/trivietsteel.com\/en\/"},{"@type":"ListItem","position":2,"name":"PROJECT"}]},{"@type":"WebSite","@id":"https:\/\/trivietsteel.com\/en\/#website","url":"https:\/\/trivietsteel.com\/en\/","name":"Nh\u00e0 Th\u00e9p Tr\u00ed Vi\u1ec7t","description":"Chi\u1ebfn l\u01b0\u1ee3c ph\u00e1t tri\u1ec3n d\u00e0i h\u1ea1n c\u1ee7a c\u00f4ng ty Nh\u00e0 Th\u00e9p Tr\u00ed Vi\u1ec7t l\u00e0 tr\u1edf th\u00e0nh doanh nghi\u1ec7p h\u00e0ng \u0111\u1ea7u Vi\u1ec7t Nam v\u1ec1 k\u1ebft c\u1ea5u th\u00e9p, v\u1edbi m\u1ee5c ti\u00eau trong giai \u0111o\u1ea1n 2018 - 2022 \u0111\u1ea1t m\u1ee9c doanh s\u1ed1 2.000 t\u1ef7 VN\u0110.","publisher":{"@id":"https:\/\/trivietsteel.com\/en\/#organization"},"alternateName":"TriViet Steel Buildings","potentialAction":[{"@type":"SearchAction","target":{"@type":"EntryPoint","urlTemplate":"https:\/\/trivietsteel.com\/en\/?s={search_term_string}"},"query-input":"required name=search_term_string"}],"inLanguage":"en-US"},{"@type":"Organization","@id":"https:\/\/trivietsteel.com\/en\/#organization","name":"Nh\u00e0 Th\u00e9p Tr\u00ed Vi\u1ec7t","alternateName":"TriViet Steel Buildings","url":"https:\/\/trivietsteel.com\/en\/","logo":{"@type":"ImageObject","inLanguage":"en-US","@id":"https:\/\/trivietsteel.com\/en\/#\/schema\/logo\/image\/","url":"https:\/\/trivietsteel.com\/wp-content\/uploads\/2022\/08\/logo.svg","contentUrl":"https:\/\/trivietsteel.com\/wp-content\/uploads\/2022\/08\/logo.svg","width":223,"height":48,"caption":"Nh\u00e0 Th\u00e9p Tr\u00ed Vi\u1ec7t"},"image":{"@id":"https:\/\/trivietsteel.com\/en\/#\/schema\/logo\/image\/"},"sameAs":["https:\/\/www.facebook.com\/TrivietSteelBuildings\/","https:\/\/twitter.com\/TriVietSteel","https:\/\/www.pinterest.com\/TriVietSteelBuildings\/","https:\/\/www.linkedin.com\/in\/tri-viet-steel-building-vn\/","https:\/\/www.instagram.com\/triviet_steel_buildings\/","https:\/\/www.threads.net\/@triviet_steel_buildings","https:\/\/www.youtube.com\/@TriVietSteelBuildings"]}]}},"_links":{"self":[{"href":"https:\/\/trivietsteel.com\/en\/wp-json\/wp\/v2\/pages\/4173"}],"collection":[{"href":"https:\/\/trivietsteel.com\/en\/wp-json\/wp\/v2\/pages"}],"about":[{"href":"https:\/\/trivietsteel.com\/en\/wp-json\/wp\/v2\/types\/page"}],"author":[{"embeddable":true,"href":"https:\/\/trivietsteel.com\/en\/wp-json\/wp\/v2\/users\/1"}],"replies":[{"embeddable":true,"href":"https:\/\/trivietsteel.com\/en\/wp-json\/wp\/v2\/comments?post=4173"}],"version-history":[{"count":5,"href":"https:\/\/trivietsteel.com\/en\/wp-json\/wp\/v2\/pages\/4173\/revisions"}],"predecessor-version":[{"id":12850,"href":"https:\/\/trivietsteel.com\/en\/wp-json\/wp\/v2\/pages\/4173\/revisions\/12850"}],"wp:attachment":[{"href":"https:\/\/trivietsteel.com\/en\/wp-json\/wp\/v2\/media?parent=4173"}],"curies":[{"name":"wp","href":"https:\/\/api.w.org\/{rel}","templated":true}]}}